{"id":763,"date":"2018-08-31T09:39:56","date_gmt":"2018-08-31T09:39:56","guid":{"rendered":"http:\/\/turismo.cec.es\/?page_id=763"},"modified":"2019-11-15T09:07:52","modified_gmt":"2019-11-15T08:07:52","slug":"turismo","status":"publish","type":"page","link":"https:\/\/turismo.cec.es\/index.php\/turismo\/","title":{"rendered":"TURISMO"},"content":{"rendered":"<p>El turismo se ha consolidado como uno de los primeros sectores econ\u00f3micos mundiales, con un crecimiento que lejos de detenerse, se acent\u00faa a\u00f1o a a\u00f1o. De acuerdo al Bar\u00f3metro OMT del Turismo Mundial, en los primeros nueve meses de 2018, se registraron 1083 millones de llegadas internacionales, lo que supone un aumento de 56 millones con respecto al mismo periodo del a\u00f1o anterior. En consecuencia, los ingresos por turismo internacional tambi\u00e9n aumentan y, de acuerdo a los \u00faltimos datos disponibles de (2017), ascienden ya a 1.332.000 millones de d\u00f3lares.<\/p>\n<figure id=\"attachment_1463\" aria-describedby=\"caption-attachment-1463\" style=\"width: 1150px\" class=\"wp-caption aligncenter\"><img loading=\"lazy\" decoding=\"async\" class=\"wp-image-1463 size-full\" title=\"Laguna de Sobrado dos Monxes\" src=\"https:\/\/turismo.cec.es\/wp-content\/uploads\/2019\/11\/IMG01_Laguna.jpg\" alt=\"Laguna de Sobrado dos Monxes\" width=\"1150\" height=\"530\" srcset=\"https:\/\/turismo.cec.es\/wp-content\/uploads\/2019\/11\/IMG01_Laguna.jpg 1150w, https:\/\/turismo.cec.es\/wp-content\/uploads\/2019\/11\/IMG01_Laguna-300x138.jpg 300w, https:\/\/turismo.cec.es\/wp-content\/uploads\/2019\/11\/IMG01_Laguna-768x354.jpg 768w, https:\/\/turismo.cec.es\/wp-content\/uploads\/2019\/11\/IMG01_Laguna-1024x472.jpg 1024w\" sizes=\"auto, (max-width: 1150px) 100vw, 1150px\" \/><figcaption id=\"caption-attachment-1463\" class=\"wp-caption-text\">Laguna de Sobrado dos Monxes<\/figcaption><\/figure>\n<p>&nbsp;<\/p>\n<p>En Espa\u00f1a, durante 2018, se bati\u00f3 el record de turistas internacionales, recibiendo 82,6 millones de turistas extranjeros y un 3,1% m\u00e1s de gasto, rozando los 90.000 millones de euros, seg\u00fan datos ofrecidos en enero de 2019 por el Ministerio de Industria, Comercio y Turismo.<\/p>\n<p>De acuerdo al Estudio IMPACTUR presentado en Enero de 2019, el PIB tur\u00edstico de Galicia, experiment\u00f3 en 2017 un incremento del 9,6 % con respecto al a\u00f1o precedente, alcanzando los 6.341 millones de euros (el 10,4% del total del PIB de la econom\u00eda Gallega). En t\u00e9rminos de empleo, el sector genera el 11% del empleo total en Galicia. Adem\u00e1s durante 2017, se crearon 7.165 nuevos puestos de trabajo, situando la cifra global en 109.050, lo que supone un aumento interanual del empleo del 7% respecto a 2016.<\/p>\n<p>El reciente fen\u00f3meno jacobeo, ha convertido en los \u00faltimos a\u00f1os a los Caminos de Santiago en uno de los elementos clave del turismo en la econom\u00eda y en una potente herramienta de desarrollo socioecon\u00f3mico.\u00a0 Los Caminos de Santiago atraviesan 139 de los municipios gallegos y 23 de los 24 GDR\u00b4S (Grupos de desarrollo rural), aglutinando a un 72% de los habitantes de Galicia. El crecimiento del n\u00famero de peregrinos es continuo, superando cada a\u00f1o las cifras del precedente y estando previsto que el pr\u00f3ximo a\u00f1o Xacobeo 2021 marque un nuevo c\u00e9nit. Adem\u00e1s, el Camino es motor de internacionalizaci\u00f3n, pues m\u00e1s de la mitad de los peregrinos proceden de fuera de Espa\u00f1a.<\/p>\n<p>Por tanto, el sector tur\u00edstico es un importante generador de ingresos y empleo, tanto en Espa\u00f1a como en Galicia. No obstante, en la provincia de A Coru\u00f1a, a\u00fan no ha dado muestra de todas sus posibilidades, m\u00e1s aun si tenemos en cuenta los valiosos y diversos recursos con los que cuenta.<\/p>\n<p>&nbsp;<\/p>\n","protected":false},"excerpt":{"rendered":"<p>El turismo se ha consolidado como uno de los primeros sectores econ\u00f3micos mundiales, con un crecimiento que lejos de detenerse, [&hellip;]<\/p>\n","protected":false},"author":1,"featured_media":0,"parent":0,"menu_order":0,"comment_status":"closed","ping_status":"closed","template":"page-templates\/full-width.php","meta":{"footnotes":""},"class_list":["post-763","page","type-page","status-publish","hentry"],"_links":{"self":[{"href":"https:\/\/turismo.cec.es\/index.php\/wp-json\/wp\/v2\/pages\/763","targetHints":{"allow":["GET"]}}],"collection":[{"href":"https:\/\/turismo.cec.es\/index.php\/wp-json\/wp\/v2\/pages"}],"about":[{"href":"https:\/\/turismo.cec.es\/index.php\/wp-json\/wp\/v2\/types\/page"}],"author":[{"embeddable":true,"href":"https:\/\/turismo.cec.es\/index.php\/wp-json\/wp\/v2\/users\/1"}],"replies":[{"embeddable":true,"href":"https:\/\/turismo.cec.es\/index.php\/wp-json\/wp\/v2\/comments?post=763"}],"version-history":[{"count":14,"href":"https:\/\/turismo.cec.es\/index.php\/wp-json\/wp\/v2\/pages\/763\/revisions"}],"predecessor-version":[{"id":1464,"href":"https:\/\/turismo.cec.es\/index.php\/wp-json\/wp\/v2\/pages\/763\/revisions\/1464"}],"wp:attachment":[{"href":"https:\/\/turismo.cec.es\/index.php\/wp-json\/wp\/v2\/media?parent=763"}],"curies":[{"name":"wp","href":"https:\/\/api.w.org\/{rel}","templated":true}]}}