{"id":767,"date":"2018-08-31T09:43:54","date_gmt":"2018-08-31T09:43:54","guid":{"rendered":"http:\/\/turismo.cec.es\/?page_id=767"},"modified":"2019-11-15T13:31:05","modified_gmt":"2019-11-15T12:31:05","slug":"objetivos","status":"publish","type":"page","link":"https:\/\/turismo.cec.es\/index.php\/objetivos\/","title":{"rendered":"OBJETIVOS"},"content":{"rendered":"<p>La CEC ha conseguido aglutinar bajo sus siglas a todos los sectores de la actividad productiva, a todos los tama\u00f1os empresariales y a todos los territorios que componen A Coru\u00f1a como provincia.<\/p>\n<p>La provincia de A Coru\u00f1a es, sin lugar a dudas, una de las provincias m\u00e1s importantes de Galicia, una de las que m\u00e1s empleo genera y contribuye al PIB y, en consecuencia, una de las que crea mayor riqueza.<\/p>\n<p>Esta situaci\u00f3n privilegiada de la provincia sit\u00faa a la CEC en la senda correcta para dar respuesta a los retos y desaf\u00edos que plantea el futuro y a seguir contribuyendo a generar riqueza sostenible, que es, sin duda alguna, la misi\u00f3n que asumen sus asociados como empresarios y empresarias comprometidas con la sociedad en la que vivimos.<\/p>\n<figure id=\"attachment_1504\" aria-describedby=\"caption-attachment-1504\" style=\"width: 1150px\" class=\"wp-caption aligncenter\"><img loading=\"lazy\" decoding=\"async\" class=\"wp-image-1504 size-full\" title=\"Fisterra\" src=\"https:\/\/turismo.cec.es\/wp-content\/uploads\/2019\/11\/fisterra.jpg\" alt=\"Fisterra\" width=\"1150\" height=\"530\" srcset=\"https:\/\/turismo.cec.es\/wp-content\/uploads\/2019\/11\/fisterra.jpg 1150w, https:\/\/turismo.cec.es\/wp-content\/uploads\/2019\/11\/fisterra-300x138.jpg 300w, https:\/\/turismo.cec.es\/wp-content\/uploads\/2019\/11\/fisterra-768x354.jpg 768w, https:\/\/turismo.cec.es\/wp-content\/uploads\/2019\/11\/fisterra-1024x472.jpg 1024w\" sizes=\"auto, (max-width: 1150px) 100vw, 1150px\" \/><figcaption id=\"caption-attachment-1504\" class=\"wp-caption-text\">Fisterra<\/figcaption><\/figure>\n<p>La CEC, consciente del papel dinamizador del sector tur\u00edstico en la provincia y las potencialidades de desarrollo que ofrece como generador de empleo y riqueza, apuesta por fortalecer su presencia en el sector tur\u00edstico, pues se ha detectado que tan s\u00f3lo el 8% de sus miembros asociados est\u00e1n directamente relacionados con este sector. Por ello, quiere desarrollar actuaciones encaminadas a paliar esta situaci\u00f3n y hacer m\u00e1s visible su presencia en el sector tur\u00edstico, de cara a apoyar la creaci\u00f3n de empleo, detectar necesidades formativas en el sector e incrementar el apoyo al tejido empresarial relacionado con el turismo.<\/p>\n<p>&nbsp;<\/p>\n","protected":false},"excerpt":{"rendered":"<p>La CEC ha conseguido aglutinar bajo sus siglas a todos los sectores de la actividad productiva, a todos los tama\u00f1os [&hellip;]<\/p>\n","protected":false},"author":1,"featured_media":0,"parent":0,"menu_order":0,"comment_status":"closed","ping_status":"closed","template":"page-templates\/full-width.php","meta":{"footnotes":""},"class_list":["post-767","page","type-page","status-publish","hentry"],"_links":{"self":[{"href":"https:\/\/turismo.cec.es\/index.php\/wp-json\/wp\/v2\/pages\/767","targetHints":{"allow":["GET"]}}],"collection":[{"href":"https:\/\/turismo.cec.es\/index.php\/wp-json\/wp\/v2\/pages"}],"about":[{"href":"https:\/\/turismo.cec.es\/index.php\/wp-json\/wp\/v2\/types\/page"}],"author":[{"embeddable":true,"href":"https:\/\/turismo.cec.es\/index.php\/wp-json\/wp\/v2\/users\/1"}],"replies":[{"embeddable":true,"href":"https:\/\/turismo.cec.es\/index.php\/wp-json\/wp\/v2\/comments?post=767"}],"version-history":[{"count":13,"href":"https:\/\/turismo.cec.es\/index.php\/wp-json\/wp\/v2\/pages\/767\/revisions"}],"predecessor-version":[{"id":1506,"href":"https:\/\/turismo.cec.es\/index.php\/wp-json\/wp\/v2\/pages\/767\/revisions\/1506"}],"wp:attachment":[{"href":"https:\/\/turismo.cec.es\/index.php\/wp-json\/wp\/v2\/media?parent=767"}],"curies":[{"name":"wp","href":"https:\/\/api.w.org\/{rel}","templated":true}]}}